{"id":6477,"date":"2015-03-12T21:33:37","date_gmt":"2015-03-12T21:33:37","guid":{"rendered":"http:\/\/www.virtual-archive.org\/borderland\/?page_id=6477"},"modified":"2015-03-12T21:35:44","modified_gmt":"2015-03-12T21:35:44","slug":"komm-in-den-garten","status":"publish","type":"page","link":"https:\/\/www.virtual-archive.org\/borderland\/filmprogramm\/komm-in-den-garten\/","title":{"rendered":"KOMM IN DEN GARTEN"},"content":{"rendered":"<p style=\"text-align: justify;\"><a href=\"http:\/\/www.virtual-archive.org\/borderland\/wp-content\/uploads\/2015\/03\/KOMM_4_Copyright_DEFA-Stiftung_Michael_Loesche.jpg\"><img loading=\"lazy\" decoding=\"async\" class=\"alignnone size-full wp-image-6458\" src=\"http:\/\/www.virtual-archive.org\/borderland\/wp-content\/uploads\/2015\/03\/KOMM_4_Copyright_DEFA-Stiftung_Michael_Loesche.jpg\" alt=\"KOMM_4_Copyright_DEFA-Stiftung_Michael_Loesche\" width=\"740\" height=\"566\" srcset=\"https:\/\/www.virtual-archive.org\/borderland\/wp-content\/uploads\/2015\/03\/KOMM_4_Copyright_DEFA-Stiftung_Michael_Loesche.jpg 740w, https:\/\/www.virtual-archive.org\/borderland\/wp-content\/uploads\/2015\/03\/KOMM_4_Copyright_DEFA-Stiftung_Michael_Loesche-300x229.jpg 300w, https:\/\/www.virtual-archive.org\/borderland\/wp-content\/uploads\/2015\/03\/KOMM_4_Copyright_DEFA-Stiftung_Michael_Loesche-624x477.jpg 624w\" sizes=\"auto, (max-width: 740px) 100vw, 740px\" \/><\/a><span style=\"color: #999999;\"><strong>D 1990, 93 Min., Regie: Heinz Brinkmann, Jochen Wisotzki \u00a0 \u00a0 \u00a0 \u00a0 \u00a0 \u00a0 \u00a0 \u00a0 \u00a0 \u00a0 \u00a0 \u00a0 \u00a0Foto: Defa Stiftung<\/strong><\/span><\/p>\n<p style=\"text-align: justify;\"><span style=\"color: #999999;\"><strong>Die Geschichte dreier Freunde in Berlin-Prenzlauer Berg zur Wende. Dieter, der Maler, verbrachte wegen \u201eArbeitsscheu\u201c zehn Jahre in Gef\u00e4ngnissen. Alfred, inzwischen zum stellvertretenden Chefredakteur avanciert, geriet durch die Zwickm\u00fchle von Aufbegehren und Alkoholismus in Gef\u00e4ngnisse und Psychiatrien. Michael, der in Moskau Au\u00dfenwirtschaft studiert hatte, wurde aus der Akademie gefeuert und lebt heute vom Lampenbasteln. 40 Jahre DDR-Geschichte im Spiegel dreier Einzelschicksale. Der Film deckt ihre Lebensgeschichten auf und er\u00f6ffnet dem Zuschauer, wie in der DDR aus etablierten Intellektuellen verarmte Lebensk\u00fcnstler werden konnten. Ausgegrenzt im System der DDR zeigt das Portrait der drei Unangepassten auch das Scheitern des Sozialismus in der DDR.<\/strong><\/span><\/p>\n","protected":false},"excerpt":{"rendered":"<p>D 1990, 93 Min., Regie: Heinz Brinkmann, Jochen Wisotzki \u00a0 \u00a0 \u00a0 \u00a0 \u00a0 \u00a0 \u00a0 \u00a0 \u00a0 \u00a0 \u00a0 \u00a0 \u00a0Foto: Defa Stiftung Die Geschichte dreier Freunde in Berlin-Prenzlauer Berg zur Wende. Dieter, der Maler, verbrachte wegen \u201eArbeitsscheu\u201c zehn Jahre in Gef\u00e4ngnissen. Alfred, inzwischen zum stellvertretenden Chefredakteur avanciert, geriet durch die Zwickm\u00fchle von Aufbegehren [&hellip;]<\/p>\n","protected":false},"author":14,"featured_media":0,"parent":4543,"menu_order":8,"comment_status":"closed","ping_status":"closed","template":"","meta":{"footnotes":""},"class_list":["post-6477","page","type-page","status-publish","hentry"],"_links":{"self":[{"href":"https:\/\/www.virtual-archive.org\/borderland\/wp-json\/wp\/v2\/pages\/6477","targetHints":{"allow":["GET"]}}],"collection":[{"href":"https:\/\/www.virtual-archive.org\/borderland\/wp-json\/wp\/v2\/pages"}],"about":[{"href":"https:\/\/www.virtual-archive.org\/borderland\/wp-json\/wp\/v2\/types\/page"}],"author":[{"embeddable":true,"href":"https:\/\/www.virtual-archive.org\/borderland\/wp-json\/wp\/v2\/users\/14"}],"replies":[{"embeddable":true,"href":"https:\/\/www.virtual-archive.org\/borderland\/wp-json\/wp\/v2\/comments?post=6477"}],"version-history":[{"count":2,"href":"https:\/\/www.virtual-archive.org\/borderland\/wp-json\/wp\/v2\/pages\/6477\/revisions"}],"predecessor-version":[{"id":6479,"href":"https:\/\/www.virtual-archive.org\/borderland\/wp-json\/wp\/v2\/pages\/6477\/revisions\/6479"}],"up":[{"embeddable":true,"href":"https:\/\/www.virtual-archive.org\/borderland\/wp-json\/wp\/v2\/pages\/4543"}],"wp:attachment":[{"href":"https:\/\/www.virtual-archive.org\/borderland\/wp-json\/wp\/v2\/media?parent=6477"}],"curies":[{"name":"wp","href":"https:\/\/api.w.org\/{rel}","templated":true}]}}