{"id":6090,"date":"2014-10-07T21:00:44","date_gmt":"2014-10-07T21:00:44","guid":{"rendered":"http:\/\/www.virtual-archive.org\/borderland\/?page_id=6090"},"modified":"2014-10-07T21:01:13","modified_gmt":"2014-10-07T21:01:13","slug":"jan-gympel","status":"publish","type":"page","link":"https:\/\/www.virtual-archive.org\/borderland\/jan-gympel\/","title":{"rendered":"Jan Gympel"},"content":{"rendered":"<p><span style=\"color: #c0c0c0;\">Jan Gympel, geb. 1966 und aufgewachsen in Berlin (West), arbeitet seit \u00fcber drei\u00dfig Jahren als Journalist und Buchautor. Als Filmhistoriker besch\u00e4ftigt(e) er sich unter anderem mit Dagmar Beiersdorf, Uwe Frie\u00dfner, Lothar Lambert, Hansj\u00fcrgen Pohland, Ulrich Schamoni und Will Tremper und initiierte 2012 das Projekt<\/span> <a href=\"http:\/\/www.berlin-film-katalog.de\" target=\"_blank\">Berlin-Film-Katalog<\/a>.<\/p>\n","protected":false},"excerpt":{"rendered":"<p>Jan Gympel, geb. 1966 und aufgewachsen in Berlin (West), arbeitet seit \u00fcber drei\u00dfig Jahren als Journalist und Buchautor. Als Filmhistoriker besch\u00e4ftigt(e) er sich unter anderem mit Dagmar Beiersdorf, Uwe Frie\u00dfner, Lothar Lambert, Hansj\u00fcrgen Pohland, Ulrich Schamoni und Will Tremper und initiierte 2012 das Projekt Berlin-Film-Katalog.<\/p>\n","protected":false},"author":1,"featured_media":0,"parent":0,"menu_order":19,"comment_status":"closed","ping_status":"closed","template":"","meta":{"footnotes":""},"class_list":["post-6090","page","type-page","status-publish","hentry"],"_links":{"self":[{"href":"https:\/\/www.virtual-archive.org\/borderland\/wp-json\/wp\/v2\/pages\/6090","targetHints":{"allow":["GET"]}}],"collection":[{"href":"https:\/\/www.virtual-archive.org\/borderland\/wp-json\/wp\/v2\/pages"}],"about":[{"href":"https:\/\/www.virtual-archive.org\/borderland\/wp-json\/wp\/v2\/types\/page"}],"author":[{"embeddable":true,"href":"https:\/\/www.virtual-archive.org\/borderland\/wp-json\/wp\/v2\/users\/1"}],"replies":[{"embeddable":true,"href":"https:\/\/www.virtual-archive.org\/borderland\/wp-json\/wp\/v2\/comments?post=6090"}],"version-history":[{"count":2,"href":"https:\/\/www.virtual-archive.org\/borderland\/wp-json\/wp\/v2\/pages\/6090\/revisions"}],"predecessor-version":[{"id":6092,"href":"https:\/\/www.virtual-archive.org\/borderland\/wp-json\/wp\/v2\/pages\/6090\/revisions\/6092"}],"wp:attachment":[{"href":"https:\/\/www.virtual-archive.org\/borderland\/wp-json\/wp\/v2\/media?parent=6090"}],"curies":[{"name":"wp","href":"https:\/\/api.w.org\/{rel}","templated":true}]}}