{"id":6049,"date":"2014-10-07T16:29:52","date_gmt":"2014-10-07T16:29:52","guid":{"rendered":"http:\/\/www.virtual-archive.org\/borderland\/?page_id=6049"},"modified":"2014-10-07T16:29:52","modified_gmt":"2014-10-07T16:29:52","slug":"claus-loeser","status":"publish","type":"page","link":"https:\/\/www.virtual-archive.org\/borderland\/claus-loeser\/","title":{"rendered":"Claus L\u00f6ser"},"content":{"rendered":"<p style=\"text-align: justify;\"><span style=\"color: #c0c0c0;\">Claus L\u00f6ser (* 1962 in Karl-Marx-Stadt) ist ein deutscher Autor, Filmhistoriker und Fachjournalist. Seit 1990 ist L\u00f6ser Programmgestalter f\u00fcr das Brotfabrik-Kino in Berlin-Wei\u00dfensee. 1992 begann er seine T\u00e4tigkeit als freier Autor. Nach einem Studium an der Filmhochschule Potsdam-Babelsberg, das er 1995 mit Diplom abschloss, gr\u00fcndete er 1996 das \u201eex.oriente.lux\u201c-Filmarchiv. 2011 schrieb er seine Dissertation Strategien der Verweigerung \/ Untersuchungen zum politisch-\u00e4sthetischen Gestus unangepasster filmischer Artikulationen in der Sp\u00e4tphase der DDR welche auch als Buch der Schriftenreihe der DEFA-Stiftung ver\u00f6ffentlicht wurde. Claus L\u00f6ser lebt und arbeitet in Berlin.<br \/>\n<\/span><\/p>\n","protected":false},"excerpt":{"rendered":"<p>Claus L\u00f6ser (* 1962 in Karl-Marx-Stadt) ist ein deutscher Autor, Filmhistoriker und Fachjournalist. Seit 1990 ist L\u00f6ser Programmgestalter f\u00fcr das Brotfabrik-Kino in Berlin-Wei\u00dfensee. 1992 begann er seine T\u00e4tigkeit als freier Autor. Nach einem Studium an der Filmhochschule Potsdam-Babelsberg, das er 1995 mit Diplom abschloss, gr\u00fcndete er 1996 das \u201eex.oriente.lux\u201c-Filmarchiv. 2011 schrieb er seine Dissertation Strategien [&hellip;]<\/p>\n","protected":false},"author":1,"featured_media":0,"parent":0,"menu_order":21,"comment_status":"closed","ping_status":"closed","template":"","meta":{"footnotes":""},"class_list":["post-6049","page","type-page","status-publish","hentry"],"_links":{"self":[{"href":"https:\/\/www.virtual-archive.org\/borderland\/wp-json\/wp\/v2\/pages\/6049","targetHints":{"allow":["GET"]}}],"collection":[{"href":"https:\/\/www.virtual-archive.org\/borderland\/wp-json\/wp\/v2\/pages"}],"about":[{"href":"https:\/\/www.virtual-archive.org\/borderland\/wp-json\/wp\/v2\/types\/page"}],"author":[{"embeddable":true,"href":"https:\/\/www.virtual-archive.org\/borderland\/wp-json\/wp\/v2\/users\/1"}],"replies":[{"embeddable":true,"href":"https:\/\/www.virtual-archive.org\/borderland\/wp-json\/wp\/v2\/comments?post=6049"}],"version-history":[{"count":1,"href":"https:\/\/www.virtual-archive.org\/borderland\/wp-json\/wp\/v2\/pages\/6049\/revisions"}],"predecessor-version":[{"id":6050,"href":"https:\/\/www.virtual-archive.org\/borderland\/wp-json\/wp\/v2\/pages\/6049\/revisions\/6050"}],"wp:attachment":[{"href":"https:\/\/www.virtual-archive.org\/borderland\/wp-json\/wp\/v2\/media?parent=6049"}],"curies":[{"name":"wp","href":"https:\/\/api.w.org\/{rel}","templated":true}]}}