{"id":6030,"date":"2014-10-07T15:43:49","date_gmt":"2014-10-07T15:43:49","guid":{"rendered":"http:\/\/www.virtual-archive.org\/borderland\/?page_id=6030"},"modified":"2014-10-07T15:43:49","modified_gmt":"2014-10-07T15:43:49","slug":"lutz-henke","status":"publish","type":"page","link":"https:\/\/www.virtual-archive.org\/borderland\/lutz-henke\/","title":{"rendered":"Lutz Henke"},"content":{"rendered":"<p style=\"text-align: justify;\"><span style=\"color: #c0c0c0;\">Lutz Henke, geboren 1981, ist Kulturwissenschaftler (M.A.) und Kurator. Er studierte mit den Schwerpunkten Stadtforschung, Kunst und Subkultur sowie Zeitgeschichte in Frankfurt (Oder), Buenos Aires und Berkeley. Er war Stipendiat am Institut f\u00fcr Raumexperimente von Olafur Eliasson an der Universit\u00e4t der K\u00fcnste Berlin und lehrte im Master-Studiengang Raumstrategien an der Kunsthochschule Berlin Wei\u00dfensee. 2011\/12 arbeitete Lutz Henke als Programmmanager des BMW Guggenheim Lab f\u00fcr das Solomon R. Guggenheim Museum New York. Als Gr\u00fcnder und Vorsitzender des Kreuzberger Kunstvereins Artitude e.V. und Leiter des Ausstellungsraumes (im einstigen) Senatsreservenspeicher Berlin realisiert er seit 2001 zahlreiche Ausstellungsprojekte zu urbaner Kunst und Kommunikation, etwa \u201ePlanet Prozess \u2013 Zwischen Raum und Kunst\u201c (2007), \u201eWrite the Wall \u2013 Tempor\u00e4res Denkmal Berliner Mauer\u201c (2009) oder \u201eDie Revolution im Dienste der Poesie\u201c (2011). In enger Zusammenarbeit mit den K\u00fcnstlern verwirklicht er in Berlin und weltweit \u00f6ffentliche Kunstwerke und Interventionen, wie zuletzt mit Santiago Sierra das \u201eGr\u00f6\u00dfte Graffiti der Welt\u201c in der W\u00fcste Algeriens (2012).<\/span><br \/>\n<span style=\"color: #c0c0c0;\"> Zahlreiche Vortr\u00e4ge, Lehrauftr\u00e4ge und Workshops, Publikationen zur Stadtkultur und \u2013geschichte.<\/span><\/p>\n","protected":false},"excerpt":{"rendered":"<p>Lutz Henke, geboren 1981, ist Kulturwissenschaftler (M.A.) und Kurator. Er studierte mit den Schwerpunkten Stadtforschung, Kunst und Subkultur sowie Zeitgeschichte in Frankfurt (Oder), Buenos Aires und Berkeley. Er war Stipendiat am Institut f\u00fcr Raumexperimente von Olafur Eliasson an der Universit\u00e4t der K\u00fcnste Berlin und lehrte im Master-Studiengang Raumstrategien an der Kunsthochschule Berlin Wei\u00dfensee. 2011\/12 arbeitete [&hellip;]<\/p>\n","protected":false},"author":1,"featured_media":0,"parent":0,"menu_order":26,"comment_status":"closed","ping_status":"closed","template":"","meta":{"footnotes":""},"class_list":["post-6030","page","type-page","status-publish","hentry"],"_links":{"self":[{"href":"https:\/\/www.virtual-archive.org\/borderland\/wp-json\/wp\/v2\/pages\/6030","targetHints":{"allow":["GET"]}}],"collection":[{"href":"https:\/\/www.virtual-archive.org\/borderland\/wp-json\/wp\/v2\/pages"}],"about":[{"href":"https:\/\/www.virtual-archive.org\/borderland\/wp-json\/wp\/v2\/types\/page"}],"author":[{"embeddable":true,"href":"https:\/\/www.virtual-archive.org\/borderland\/wp-json\/wp\/v2\/users\/1"}],"replies":[{"embeddable":true,"href":"https:\/\/www.virtual-archive.org\/borderland\/wp-json\/wp\/v2\/comments?post=6030"}],"version-history":[{"count":1,"href":"https:\/\/www.virtual-archive.org\/borderland\/wp-json\/wp\/v2\/pages\/6030\/revisions"}],"predecessor-version":[{"id":6031,"href":"https:\/\/www.virtual-archive.org\/borderland\/wp-json\/wp\/v2\/pages\/6030\/revisions\/6031"}],"wp:attachment":[{"href":"https:\/\/www.virtual-archive.org\/borderland\/wp-json\/wp\/v2\/media?parent=6030"}],"curies":[{"name":"wp","href":"https:\/\/api.w.org\/{rel}","templated":true}]}}