{"id":5817,"date":"2014-08-15T16:16:00","date_gmt":"2014-08-15T16:16:00","guid":{"rendered":"http:\/\/www.virtual-archive.org\/borderland\/?page_id=5817"},"modified":"2014-10-30T13:39:15","modified_gmt":"2014-10-30T13:39:15","slug":"stefan-micheel","status":"publish","type":"page","link":"https:\/\/www.virtual-archive.org\/borderland\/ausstellung\/stefan-micheel\/","title":{"rendered":"STEFAN MICHEEL"},"content":{"rendered":"<p><a href=\"http:\/\/www.virtual-archive.org\/borderland\/wp-content\/uploads\/2014\/08\/Spuren.jpg\"><img loading=\"lazy\" decoding=\"async\" class=\"alignnone size-medium wp-image-5822\" src=\"http:\/\/www.virtual-archive.org\/borderland\/wp-content\/uploads\/2014\/08\/Spuren-221x300.jpg\" alt=\"Spuren\" width=\"221\" height=\"300\" srcset=\"https:\/\/www.virtual-archive.org\/borderland\/wp-content\/uploads\/2014\/08\/Spuren-221x300.jpg 221w, https:\/\/www.virtual-archive.org\/borderland\/wp-content\/uploads\/2014\/08\/Spuren.jpg 439w\" sizes=\"auto, (max-width: 221px) 100vw, 221px\" \/><\/a><\/p>\n<p><span style=\"color: #c0c0c0;\"><strong>Flucht \u00fcber die Restmauer (2001)<\/strong> &#8211; Videoloop, 2.30 min.<\/span><\/p>\n<p><span style=\"color: #c0c0c0;\">Die Gedenkst\u00e4tte Berliner Mauer, an der Bernauer Stra\u00dfe, ist der einzige Ort in Berlin, wo es noch ein hermetisch abgeschlossenes Feld zwischen den beiden Mauern gibt. Ein scheinbar unbewachtes Niemandsland, dass die \u00dcberwindung dieses Restgebiets erm\u00f6glichte. Was vor Jahren ein t\u00f6dliches Unterfangen war, ist heute B\u00fchne f\u00fcr einen stillen Akt.<\/span><\/p>\n<p><span style=\"color: #c0c0c0;\">Weitere Arbeiten zur Berliner Mauer:<\/span><\/p>\n<p><span style=\"color: #c0c0c0;\"><a href=\"https:\/\/www.youtube.com\/watch?v=sRGtC1xtJJo\" target=\"_blank\"><span style=\"color: #c0c0c0;\"><strong>Jedermannsland von hier bis dort<\/strong><\/span><\/a><\/span><br \/>\n<span style=\"color: #c0c0c0;\"> Super 8 Film, Berlin 1989\/2009\/2014, 6:12 min.<\/span><\/p>\n<p><span style=\"color: #c0c0c0;\"><a href=\"https:\/\/www.youtube.com\/watch?v=26nok36EnY0\" target=\"_blank\"><span style=\"color: #c0c0c0;\"><strong>Im Niemandsland der Westzone<\/strong><\/span><\/a><\/span><br \/>\n<span style=\"color: #c0c0c0;\"> Super 8 Film, Berlin 1987-2009, 28:45 min.<\/span><\/p>\n<p><span style=\"color: #c0c0c0;\"><strong><a href=\"http:\/\/www.stefanmicheel.de\/nfoto119.html\" target=\"_blank\"><span style=\"color: #c0c0c0;\">westmauer &amp; schamanen<\/span><\/a>,<\/strong>\u00a0Berlin 2009<\/span><\/p>\n<p><span style=\"color: #c0c0c0;\"><a href=\"http:\/\/www.stefanmicheel.de\" target=\"_blank\"><span style=\"color: #c0c0c0;\">http:\/\/www.stefanmicheel.de<\/span><\/a><\/span><\/p>\n","protected":false},"excerpt":{"rendered":"<p>Flucht \u00fcber die Restmauer (2001) &#8211; Videoloop, 2.30 min. Die Gedenkst\u00e4tte Berliner Mauer, an der Bernauer Stra\u00dfe, ist der einzige Ort in Berlin, wo es noch ein hermetisch abgeschlossenes Feld zwischen den beiden Mauern gibt. Ein scheinbar unbewachtes Niemandsland, dass die \u00dcberwindung dieses Restgebiets erm\u00f6glichte. Was vor Jahren ein t\u00f6dliches Unterfangen war, ist heute B\u00fchne [&hellip;]<\/p>\n","protected":false},"author":1,"featured_media":0,"parent":4623,"menu_order":45,"comment_status":"closed","ping_status":"closed","template":"","meta":{"footnotes":""},"class_list":["post-5817","page","type-page","status-publish","hentry"],"_links":{"self":[{"href":"https:\/\/www.virtual-archive.org\/borderland\/wp-json\/wp\/v2\/pages\/5817","targetHints":{"allow":["GET"]}}],"collection":[{"href":"https:\/\/www.virtual-archive.org\/borderland\/wp-json\/wp\/v2\/pages"}],"about":[{"href":"https:\/\/www.virtual-archive.org\/borderland\/wp-json\/wp\/v2\/types\/page"}],"author":[{"embeddable":true,"href":"https:\/\/www.virtual-archive.org\/borderland\/wp-json\/wp\/v2\/users\/1"}],"replies":[{"embeddable":true,"href":"https:\/\/www.virtual-archive.org\/borderland\/wp-json\/wp\/v2\/comments?post=5817"}],"version-history":[{"count":6,"href":"https:\/\/www.virtual-archive.org\/borderland\/wp-json\/wp\/v2\/pages\/5817\/revisions"}],"predecessor-version":[{"id":6347,"href":"https:\/\/www.virtual-archive.org\/borderland\/wp-json\/wp\/v2\/pages\/5817\/revisions\/6347"}],"up":[{"embeddable":true,"href":"https:\/\/www.virtual-archive.org\/borderland\/wp-json\/wp\/v2\/pages\/4623"}],"wp:attachment":[{"href":"https:\/\/www.virtual-archive.org\/borderland\/wp-json\/wp\/v2\/media?parent=5817"}],"curies":[{"name":"wp","href":"https:\/\/api.w.org\/{rel}","templated":true}]}}