{"id":4462,"date":"2014-06-27T12:06:53","date_gmt":"2014-06-27T12:06:53","guid":{"rendered":"http:\/\/www.virtual-archive.org\/borderland\/?page_id=4462"},"modified":"2015-03-13T10:04:16","modified_gmt":"2015-03-13T10:04:16","slug":"die-aussicht","status":"publish","type":"page","link":"https:\/\/www.virtual-archive.org\/borderland\/filmprogramm\/die-aussicht\/","title":{"rendered":"DIE AUSSICHT"},"content":{"rendered":"<p><span style=\"color: #c0c0c0;\"><strong>BRD 1965, 9&#8242;, R: Kurt Krigar, 35mm<\/strong><\/span><\/p>\n<div id=\"attachment_5987\" style=\"width: 810px\" class=\"wp-caption alignleft\"><img loading=\"lazy\" decoding=\"async\" aria-describedby=\"caption-attachment-5987\" class=\"size-full wp-image-5987\" src=\"http:\/\/www.virtual-archive.org\/borderland\/wp-content\/uploads\/2014\/06\/aussicht_20-Kopie1.jpg\" alt=\"Die Aussicht - Blick auf die Vers\u00f6hnungskirche an der Bernauer Stra\u00dfe\" width=\"800\" height=\"580\" srcset=\"https:\/\/www.virtual-archive.org\/borderland\/wp-content\/uploads\/2014\/06\/aussicht_20-Kopie1.jpg 800w, https:\/\/www.virtual-archive.org\/borderland\/wp-content\/uploads\/2014\/06\/aussicht_20-Kopie1-300x217.jpg 300w, https:\/\/www.virtual-archive.org\/borderland\/wp-content\/uploads\/2014\/06\/aussicht_20-Kopie1-624x452.jpg 624w\" sizes=\"auto, (max-width: 800px) 100vw, 800px\" \/><p id=\"caption-attachment-5987\" class=\"wp-caption-text\">Die Aussicht &#8211; Blick auf die Vers\u00f6hnungskirche an der Bernauer Stra\u00dfe<\/p><\/div>\n<p style=\"text-align: justify;\"><strong><span style=\"color: #c0c0c0;\">Kurz nach dem Mauerbau bemerkte der Kameramann und Regisseur Kurt Krigar bei einer Fahrt durch die Bernauer Stra\u00dfe eine \u00e4ltere Frau, die im f\u00fcnften Stock aus dem Fenster schaute. Er hielt an, klingelte bei der Frau und lie\u00df sie erz\u00e4hlen, was sie erlebt hatte, und was sie dachte, wenn sie in den nahen Osten sah. Die Frau berichtete: Von den Kettenhunden, den Volksarmisten, halben Kindern noch, die sich wegdrehten, wenn sie gegr\u00fc\u00dft wurden und von Leuten, die weinend winkten. Krigar filmte das alles und es wurde ein Zehn-Minuten-Film, zehn qu\u00e4lende Minuten \u00fcber die brutale Wirklichkeit einer Grenze. F\u00fcr sein herausragend gefilmtes Filmdokument erhielt er 1966 das Filmband in Silber.<\/span><\/strong><\/p>\n<hr \/>\n<p><strong><span style=\"color: #c0c0c0;\">Transkript (Ausschnitt)<\/span><\/strong><\/p>\n<p style=\"text-align: justify;\"><span style=\"color: #c0c0c0;\"><em>Ach die Touristen, sind heute auch drei Wagen vorbeigekommen. Viele interessieren sich, die gucken. Ja aber das Richtige was sie sehen wollen, sehen sie ja doch nicht. Es ist auch gar nicht so eine Anteilnahme, die Leute k\u00f6nnen das ja nicht verstehen. Die werden an den Mauern hier herumgef\u00fchrt. Tja, was ist das? Nun gucken sie da dr\u00fcben r\u00fcber. Die paar die hier noch kommen, das bisschen Souvenir das haben sie ja schon, die anderen haben das ja schon alles mitgebracht, nicht? Und das dauert auch nicht lange. Die fahren rauf und f\u00fcnf Minuten steigen sie aus, dann kommen sie wieder runtergefahren und dann geht es wieder iim Galopp hier vorbei und (&#8230;) Was die mitkriegen, wei\u00df ich nicht. Die k\u00f6nnen sich ja gar kein Bild machen. Wir hatten auch aus Hannover, kam hier Besuch im Sommer. Na ja, die sagen: &#8222;Ja, was wollt ihr denn machen?&#8220; Es ist eben so eingerichtet und (&#8230;) Wenn ich die w\u00fcrde gefragt haben: &#8222;Was habt ihr denn von der Bernauer Stra\u00dfe gesehen?&#8220; Da sagen sie: &#8222;Ach&#8230;&#8220; Meinen Sie viele haben Interesse noch einmal hierher zukommen? Die haben die Mauer gesehen und die H\u00e4user. Was sollen wir (&#8230;) Sind ja zugemachte H\u00e4user.\u00a0<\/em><\/span><\/p>\n<p><span style=\"color: #c0c0c0;\">Transkript: Nino Selmikeit<\/span><\/p>\n","protected":false},"excerpt":{"rendered":"<p>BRD 1965, 9&#8242;, R: Kurt Krigar, 35mm Kurz nach dem Mauerbau bemerkte der Kameramann und Regisseur Kurt Krigar bei einer Fahrt durch die Bernauer Stra\u00dfe eine \u00e4ltere Frau, die im f\u00fcnften Stock aus dem Fenster schaute. Er hielt an, klingelte bei der Frau und lie\u00df sie erz\u00e4hlen, was sie erlebt hatte, und was sie dachte, [&hellip;]<\/p>\n","protected":false},"author":1,"featured_media":0,"parent":4543,"menu_order":47,"comment_status":"closed","ping_status":"closed","template":"","meta":{"footnotes":""},"class_list":["post-4462","page","type-page","status-publish","hentry"],"_links":{"self":[{"href":"https:\/\/www.virtual-archive.org\/borderland\/wp-json\/wp\/v2\/pages\/4462","targetHints":{"allow":["GET"]}}],"collection":[{"href":"https:\/\/www.virtual-archive.org\/borderland\/wp-json\/wp\/v2\/pages"}],"about":[{"href":"https:\/\/www.virtual-archive.org\/borderland\/wp-json\/wp\/v2\/types\/page"}],"author":[{"embeddable":true,"href":"https:\/\/www.virtual-archive.org\/borderland\/wp-json\/wp\/v2\/users\/1"}],"replies":[{"embeddable":true,"href":"https:\/\/www.virtual-archive.org\/borderland\/wp-json\/wp\/v2\/comments?post=4462"}],"version-history":[{"count":19,"href":"https:\/\/www.virtual-archive.org\/borderland\/wp-json\/wp\/v2\/pages\/4462\/revisions"}],"predecessor-version":[{"id":6515,"href":"https:\/\/www.virtual-archive.org\/borderland\/wp-json\/wp\/v2\/pages\/4462\/revisions\/6515"}],"up":[{"embeddable":true,"href":"https:\/\/www.virtual-archive.org\/borderland\/wp-json\/wp\/v2\/pages\/4543"}],"wp:attachment":[{"href":"https:\/\/www.virtual-archive.org\/borderland\/wp-json\/wp\/v2\/media?parent=4462"}],"curies":[{"name":"wp","href":"https:\/\/api.w.org\/{rel}","templated":true}]}}