{"id":4368,"date":"2014-06-27T11:03:17","date_gmt":"2014-06-27T11:03:17","guid":{"rendered":"http:\/\/www.virtual-archive.org\/borderland\/?page_id=4368"},"modified":"2015-03-13T10:11:36","modified_gmt":"2015-03-13T10:11:36","slug":"hammer-und-sichel","status":"publish","type":"page","link":"https:\/\/www.virtual-archive.org\/borderland\/filmprogramm\/hammer-und-sichel\/","title":{"rendered":"HAMMER UND SICHEL"},"content":{"rendered":"<p><span style=\"color: #c0c0c0;\"><strong>BRD 1978, R: Walter Gramming, K: Yana Yo 6&#8242;<\/strong><\/span><\/p>\n<div id=\"attachment_6124\" style=\"width: 810px\" class=\"wp-caption alignleft\"><img loading=\"lazy\" decoding=\"async\" aria-describedby=\"caption-attachment-6124\" class=\"wp-image-6124 size-full\" src=\"http:\/\/www.virtual-archive.org\/borderland\/wp-content\/uploads\/2014\/06\/hammer_sichel1.jpg\" alt=\"Hammer &amp; Sichel Foto: Walter Gramming\" width=\"800\" height=\"416\" srcset=\"https:\/\/www.virtual-archive.org\/borderland\/wp-content\/uploads\/2014\/06\/hammer_sichel1.jpg 800w, https:\/\/www.virtual-archive.org\/borderland\/wp-content\/uploads\/2014\/06\/hammer_sichel1-300x156.jpg 300w, https:\/\/www.virtual-archive.org\/borderland\/wp-content\/uploads\/2014\/06\/hammer_sichel1-624x324.jpg 624w\" sizes=\"auto, (max-width: 800px) 100vw, 800px\" \/><p id=\"caption-attachment-6124\" class=\"wp-caption-text\">Hammer &amp; Sichel 1978, Foto: Walter Gramming<\/p><\/div>\n<p><span style=\"color: #c0c0c0;\"><strong>The Making of Hammer und Sichel<\/strong><\/span><\/p>\n<p><strong><span style=\"color: #c0c0c0;\">von Walter Gramming<\/span><\/strong><\/p>\n<p style=\"text-align: justify;\"><strong><span style=\"color: #c0c0c0;\">Der Film Hammer &amp; Sichel entstand von November 1978 bis Februar 1979. W\u00e4hrend einer Italienreise1 im Sommer zuvor begegnete mir das Symbol Hammer und Sichel zun\u00e4chst im politischen Kontext, wurde jedoch subjektiv zu einer Mahnung f\u00fcr mich, aktiv zu handeln. In einem Traum wurde ich aufgefordert, meine vor mir auf einem Teller liegenden H\u00e4nde zu verspeisen. Daraus erwuchs ein ambivalentes Gebot: Handeln oder Versagen.<\/span><\/strong><\/p>\n<p style=\"text-align: justify;\"><strong><span style=\"color: #c0c0c0;\">Im sehr politischen Bologna begegnete mir das Wort CIAO als Graffiti mit den Buchstaben in Form linker politischer Symbole. Tschau! Absage an die Ideologien und Ismen der 1970er Jahre.<\/span><\/strong><\/p>\n<p style=\"text-align: justify;\"><strong><span style=\"color: #c0c0c0;\">Im Berlin des Kalten Krieges begannen zunehmend spontane Aktionen im Zusammenhang mit der Mauer. Man entdeckte letztere als blanke Fl\u00e4che f\u00fcr alle Arten von Projektionen, lange bevor sie zum Malgrund wurde. In der Filmklasse Helmut Middendorf an der HdK2 liehen wir eine Super8-Kamera und in einem kleinen Eisenwarenladen in Kreuzberg kaufte ich eine Sichel. \u201e Jetz\u2019 brauch\u2019n se blo\u00df noch\u2019n Hamma \u2026\u201c, meinte der freundliche H\u00e4ndler. Yanna Yo an der Kamera begann nun, mit rasendem Zeigefinger die Einzelbilder zu schalten, wodurch die Bewegungen bizarrer wurden, w\u00e4hrend ich meine Verrenkungen mit den Werkzeugen vollf\u00fchrte. Beim Schnitt des Filmes ging ich schlie\u00dflich mit Nadeln, Kreiden, Sandpapier und Abreibebuchstaben zu Werke. Dies alles war f\u00fcr mich nun Handeln in seiner sch\u00f6nsten Form. Bei unserem WG-Plattenspieler entfernte ich den Treibriemen und scratchte das \u201eSolidarit\u00e4tslied\u201c von Ernst Busch mit viel Genuss an der Dekonstruktion.<\/span><\/strong><br \/>\n<strong> <span style=\"color: #c0c0c0;\"> Kurz darauf wurde im damals kleinen Kino Arsenal in der Welser Stra\u00dfe ein Super8-Festival angek\u00fcndigt: Der Kurator Michael Bock zeigte unseren Film spontan. Aus dem Publikum begegneten uns Lachsalven, aber auch Anfeindungen \u2013 wegen Sch\u00e4ndens einer Heiligen Kuh. In den folgenden Jahren nahm Michael Bock den Streifen mit um die halbe Welt, so dass er neben Filmen von Beuys, Warhol und anderen Ber\u00fchmtheiten zu sehen war.<\/span><\/strong><\/p>\n<p style=\"text-align: justify;\"><strong><span style=\"color: #c0c0c0;\">\u00a9 Walter Gramming, im Juli 2014<\/span><\/strong><\/p>\n<p style=\"text-align: justify;\"><span style=\"color: #c0c0c0;\">Walter Gramming geb. 1952 in Neustadt an der Aisch arbeitet seit 1994 zusammen mit ushi f (Uschi Frank) und war Meistersch\u00fcler bei Prof. W. Ramsbott an der HdK. Er lebt und arbeitet in Berlin, Brandenburg und Franken im Bereich Bildende Kunst und Medien und hat Lehrauftr\u00e4ge an UdK und KH Berlin Wei\u00dfensee f\u00fcr Videobasics und Bildhauerei.<\/span><\/p>\n","protected":false},"excerpt":{"rendered":"<p>BRD 1978, R: Walter Gramming, K: Yana Yo 6&#8242; The Making of Hammer und Sichel von Walter Gramming Der Film Hammer &amp; Sichel entstand von November 1978 bis Februar 1979. W\u00e4hrend einer Italienreise1 im Sommer zuvor begegnete mir das Symbol Hammer und Sichel zun\u00e4chst im politischen Kontext, wurde jedoch subjektiv zu einer Mahnung f\u00fcr mich, [&hellip;]<\/p>\n","protected":false},"author":1,"featured_media":0,"parent":4543,"menu_order":76,"comment_status":"closed","ping_status":"closed","template":"","meta":{"footnotes":""},"class_list":["post-4368","page","type-page","status-publish","hentry"],"_links":{"self":[{"href":"https:\/\/www.virtual-archive.org\/borderland\/wp-json\/wp\/v2\/pages\/4368","targetHints":{"allow":["GET"]}}],"collection":[{"href":"https:\/\/www.virtual-archive.org\/borderland\/wp-json\/wp\/v2\/pages"}],"about":[{"href":"https:\/\/www.virtual-archive.org\/borderland\/wp-json\/wp\/v2\/types\/page"}],"author":[{"embeddable":true,"href":"https:\/\/www.virtual-archive.org\/borderland\/wp-json\/wp\/v2\/users\/1"}],"replies":[{"embeddable":true,"href":"https:\/\/www.virtual-archive.org\/borderland\/wp-json\/wp\/v2\/comments?post=4368"}],"version-history":[{"count":20,"href":"https:\/\/www.virtual-archive.org\/borderland\/wp-json\/wp\/v2\/pages\/4368\/revisions"}],"predecessor-version":[{"id":6526,"href":"https:\/\/www.virtual-archive.org\/borderland\/wp-json\/wp\/v2\/pages\/4368\/revisions\/6526"}],"up":[{"embeddable":true,"href":"https:\/\/www.virtual-archive.org\/borderland\/wp-json\/wp\/v2\/pages\/4543"}],"wp:attachment":[{"href":"https:\/\/www.virtual-archive.org\/borderland\/wp-json\/wp\/v2\/media?parent=4368"}],"curies":[{"name":"wp","href":"https:\/\/api.w.org\/{rel}","templated":true}]}}