{"id":4362,"date":"2014-06-27T11:01:58","date_gmt":"2014-06-27T11:01:58","guid":{"rendered":"http:\/\/www.virtual-archive.org\/borderland\/?page_id=4362"},"modified":"2015-03-13T10:26:19","modified_gmt":"2015-03-13T10:26:19","slug":"the-burning-wall","status":"publish","type":"page","link":"https:\/\/www.virtual-archive.org\/borderland\/filmprogramm\/the-burning-wall\/","title":{"rendered":"THE BURNING WALL"},"content":{"rendered":"<p><span style=\"color: #c0c0c0;\"><strong>USA 2002, R: Hava Kohav Beller, 115&#8242;<\/strong><\/span><\/p>\n<div id=\"attachment_6065\" style=\"width: 610px\" class=\"wp-caption alignleft\"><img loading=\"lazy\" decoding=\"async\" aria-describedby=\"caption-attachment-6065\" class=\"size-full wp-image-6065\" src=\"http:\/\/www.virtual-archive.org\/borderland\/wp-content\/uploads\/2014\/06\/burningwall_still2.jpg\" alt=\"B\u00e4rbel Bohley,  \u00a9 Hava Kohav Beller\" width=\"600\" height=\"372\" srcset=\"https:\/\/www.virtual-archive.org\/borderland\/wp-content\/uploads\/2014\/06\/burningwall_still2.jpg 600w, https:\/\/www.virtual-archive.org\/borderland\/wp-content\/uploads\/2014\/06\/burningwall_still2-300x186.jpg 300w\" sizes=\"auto, (max-width: 600px) 100vw, 600px\" \/><p id=\"caption-attachment-6065\" class=\"wp-caption-text\">B\u00e4rbel Bohley, \u00a9 Hava Kohav Beller<\/p><\/div>\n<p style=\"text-align: justify;\"><strong><span style=\"color: #c0c0c0;\">Nachdem Hava Kohav Beller in ihrem 1992 oscarnominierten Film\u00a0The Restless Conscience\u00a0den Widerstand zu Zeiten des NS-Terrors untersucht hatte, wandte sie sich in\u00a0The Burning Wall\u00a0den Dissidenten und Widerst\u00e4ndlern in der ehemaligen DDR zu. Die Regisseurin beleuchtet die Entstehung und Entwicklung ostdeutscher Oppositionsbewegungen im Zeitraum von 1949 bis 1989. Einerseits werden die Motivationen der Dissidenten, sich gegen einen totalit\u00e4ren Staat aufzulehnen und f\u00fcr B\u00fcrgerrechte einzutreten, hinterfragt. Andererseits setzte sich\u00a0The Burning Wall\u00a0mit den Methoden auseinander, mit denen die Staatssicherheit oppositionelle Str\u00f6mungen \u00fcberwachte und zu unterdr\u00fccken suchte. In Interviews kommen Zeitzeugen aus Ost und West zu Wort, wie Regimekritiker Robert Havemann, B\u00fcrgerrechtlerin B\u00e4rbel Bohley, SED-Funktion\u00e4r Egon Krenz, Autor G\u00fcnter Grass oder Altbundespr\u00e4sident Richard von Weizs\u00e4cker. In der Zusammenschau ergibt sich ein facettenreicher Blick auf die politischen und sozialen Bedingtheiten im Deutschland hinter dem Eisernen Vorhang. Kohav Bellers eminentes zeitgeschichtliches Portr\u00e4t\u00a0The Burning Wall\u00a0erlebte bei den Berliner Filmfestspielen 2002 seine Premiere.\u00a0<\/span><\/strong><\/p>\n","protected":false},"excerpt":{"rendered":"<p>USA 2002, R: Hava Kohav Beller, 115&#8242; Nachdem Hava Kohav Beller in ihrem 1992 oscarnominierten Film\u00a0The Restless Conscience\u00a0den Widerstand zu Zeiten des NS-Terrors untersucht hatte, wandte sie sich in\u00a0The Burning Wall\u00a0den Dissidenten und Widerst\u00e4ndlern in der ehemaligen DDR zu. Die Regisseurin beleuchtet die Entstehung und Entwicklung ostdeutscher Oppositionsbewegungen im Zeitraum von 1949 bis 1989. Einerseits [&hellip;]<\/p>\n","protected":false},"author":1,"featured_media":0,"parent":4543,"menu_order":81,"comment_status":"closed","ping_status":"closed","template":"","meta":{"footnotes":""},"class_list":["post-4362","page","type-page","status-publish","hentry"],"_links":{"self":[{"href":"https:\/\/www.virtual-archive.org\/borderland\/wp-json\/wp\/v2\/pages\/4362","targetHints":{"allow":["GET"]}}],"collection":[{"href":"https:\/\/www.virtual-archive.org\/borderland\/wp-json\/wp\/v2\/pages"}],"about":[{"href":"https:\/\/www.virtual-archive.org\/borderland\/wp-json\/wp\/v2\/types\/page"}],"author":[{"embeddable":true,"href":"https:\/\/www.virtual-archive.org\/borderland\/wp-json\/wp\/v2\/users\/1"}],"replies":[{"embeddable":true,"href":"https:\/\/www.virtual-archive.org\/borderland\/wp-json\/wp\/v2\/comments?post=4362"}],"version-history":[{"count":9,"href":"https:\/\/www.virtual-archive.org\/borderland\/wp-json\/wp\/v2\/pages\/4362\/revisions"}],"predecessor-version":[{"id":6539,"href":"https:\/\/www.virtual-archive.org\/borderland\/wp-json\/wp\/v2\/pages\/4362\/revisions\/6539"}],"up":[{"embeddable":true,"href":"https:\/\/www.virtual-archive.org\/borderland\/wp-json\/wp\/v2\/pages\/4543"}],"wp:attachment":[{"href":"https:\/\/www.virtual-archive.org\/borderland\/wp-json\/wp\/v2\/media?parent=4362"}],"curies":[{"name":"wp","href":"https:\/\/api.w.org\/{rel}","templated":true}]}}